{"id":2540,"date":"2017-11-21T11:49:12","date_gmt":"2017-11-21T11:49:12","guid":{"rendered":"https:\/\/templosantaluzia.org\/app-mobile\/"},"modified":"2018-03-22T18:06:29","modified_gmt":"2018-03-22T18:06:29","slug":"app-mobile","status":"publish","type":"page","link":"https:\/\/confrariadesantaluzia.pt\/es\/app-mobile\/","title":{"rendered":"App Mobile"},"content":{"rendered":"<p>Esta aplica\u00e7\u00e3o para smartphone funciona como uma guia interativo, possibilitando um percurso tur\u00edstico virtual pelo espa\u00e7o circundante do Templo-Monumento de Santa Luzia.<\/p>\n<p>A aplica\u00e7\u00e3o permite o acesso e a contextualiza\u00e7\u00e3o dos espa\u00e7os pertencentes \u00e0 Confraria de Santa Luzia, atrav\u00e9s de um mapa interativo de georreferencia\u00e7\u00e3o por GPS, descri\u00e7\u00f5es e fotografias dos principais pontos de interesse, e ainda consulta de artigos e not\u00edcias.<\/p>\n<p>A app disponibiliza tamb\u00e9m uma caixa de donativos virtual. Todos os conte\u00fados est\u00e3o em Portugu\u00eas, Ingl\u00eas e Espanhol, permitindo uma verdadeira experi\u00eancia de turismo guiado por aquele que foi considerado pela revista National Geographic como \u201cum dos mais belos panoramas do mundo\u201d.<\/p>\n","protected":false},"excerpt":{"rendered":"<p>Esta aplica\u00e7\u00e3o para smartphone funciona como uma guia interativo, possibilitando um percurso tur\u00edstico virtual pelo espa\u00e7o circundante do Templo-Monumento de Santa Luzia. A aplica\u00e7\u00e3o permite o acesso e a contextualiza\u00e7\u00e3o dos espa\u00e7os pertencentes \u00e0 Confraria de Santa Luzia, atrav\u00e9s de um mapa interativo de georreferencia\u00e7\u00e3o por GPS, descri\u00e7\u00f5es e fotografias dos principais pontos de interesse, e ainda consulta de artigos e not\u00edcias. A app disponibiliza tamb\u00e9m uma caixa de donativos virtual. Todos os conte\u00fados est\u00e3o em Portugu\u00eas, Ingl\u00eas e Espanhol, permitindo uma verdadeira experi\u00eancia de turismo guiado por aquele que foi considerado pela revista National Geographic como \u201cum dos mais [&hellip;]<\/p>\n","protected":false},"author":1,"featured_media":2012,"parent":0,"menu_order":0,"comment_status":"closed","ping_status":"closed","template":"","meta":{"footnotes":""},"class_list":["post-2540","page","type-page","status-publish","has-post-thumbnail","hentry"],"_links":{"self":[{"href":"https:\/\/confrariadesantaluzia.pt\/es\/wp-json\/wp\/v2\/pages\/2540","targetHints":{"allow":["GET"]}}],"collection":[{"href":"https:\/\/confrariadesantaluzia.pt\/es\/wp-json\/wp\/v2\/pages"}],"about":[{"href":"https:\/\/confrariadesantaluzia.pt\/es\/wp-json\/wp\/v2\/types\/page"}],"author":[{"embeddable":true,"href":"https:\/\/confrariadesantaluzia.pt\/es\/wp-json\/wp\/v2\/users\/1"}],"replies":[{"embeddable":true,"href":"https:\/\/confrariadesantaluzia.pt\/es\/wp-json\/wp\/v2\/comments?post=2540"}],"version-history":[{"count":1,"href":"https:\/\/confrariadesantaluzia.pt\/es\/wp-json\/wp\/v2\/pages\/2540\/revisions"}],"predecessor-version":[{"id":2918,"href":"https:\/\/confrariadesantaluzia.pt\/es\/wp-json\/wp\/v2\/pages\/2540\/revisions\/2918"}],"wp:featuredmedia":[{"embeddable":true,"href":"https:\/\/confrariadesantaluzia.pt\/es\/wp-json\/wp\/v2\/media\/2012"}],"wp:attachment":[{"href":"https:\/\/confrariadesantaluzia.pt\/es\/wp-json\/wp\/v2\/media?parent=2540"}],"curies":[{"name":"wp","href":"https:\/\/api.w.org\/{rel}","templated":true}]}}