{"id":2538,"date":"2017-11-21T15:39:27","date_gmt":"2017-11-21T15:39:27","guid":{"rendered":"https:\/\/templosantaluzia.org\/arquivo\/"},"modified":"2024-01-24T12:03:22","modified_gmt":"2024-01-24T11:03:22","slug":"arquivo","status":"publish","type":"page","link":"https:\/\/confrariadesantaluzia.pt\/es\/arquivo\/","title":{"rendered":"Archivo Hist\u00f3rico"},"content":{"rendered":"<p>El Archivo Hist\u00f3rico de la Confraria de Santa Luzia, situado en el Edif\u00edcio das T\u00edlias, junto al Santuario, es un archivo privado de \u00e1mbito local. En \u00e9l se guarda y preserva, a t\u00edtulo perpetuo, un patrimonio documental que se ha venido constituyendo desde 1884, a\u00f1o de fundaci\u00f3n de la Confraria de Santa Luzia.<\/p>\n<p>El legado documenta, de forma amplia y meticulosa, las circunstancias que llevaron a la instituci\u00f3n de la Cofrad\u00eda, y relata tambi\u00e9n su actividad como entidad tutelar del Santu\u00e1rio do Sagrado Cora\u00e7\u00e3o de Jesus.<\/p>\n<p>El trabajo de la Cofrad\u00eda tuvo un impacto fundamental en la configuraci\u00f3n paisaj\u00edstica del monte, estando tambi\u00e9n vinculada a la edificaci\u00f3n del edificio vecino, el Hotel de Santa Luzia, tambi\u00e9n dise\u00f1ado por el Arq. Miguel Ventura Terra.<\/p>\n<p>Como testimonio del pasado, este fondo documental posee un innegable valor hist\u00f3rico y cultural. La cofrad\u00eda permite que los documentos sean consultados, lo que lo convierte en una preciosa fuente de informaci\u00f3n para investigadores y estudiosos de las m\u00e1s diversas \u00e1reas.<\/p>\n","protected":false},"excerpt":{"rendered":"<p>El Archivo Hist\u00f3rico de la Confraria de Santa Luzia, situado en el Edif\u00edcio das T\u00edlias, junto al Santuario, es un archivo privado de \u00e1mbito local. En \u00e9l se guarda y preserva, a t\u00edtulo perpetuo, un patrimonio documental que se ha venido constituyendo desde 1884, a\u00f1o de fundaci\u00f3n de la Confraria de Santa Luzia. El legado documenta, de forma amplia y meticulosa, las circunstancias que llevaron a la instituci\u00f3n de la Cofrad\u00eda, y relata tambi\u00e9n su actividad como entidad tutelar del Santu\u00e1rio do Sagrado Cora\u00e7\u00e3o de Jesus. El trabajo de la Cofrad\u00eda tuvo un impacto fundamental en la configuraci\u00f3n paisaj\u00edstica del [&hellip;]<\/p>\n","protected":false},"author":1,"featured_media":1935,"parent":0,"menu_order":0,"comment_status":"closed","ping_status":"closed","template":"template-arquivo.php","meta":{"footnotes":""},"class_list":["post-2538","page","type-page","status-publish","has-post-thumbnail","hentry"],"_links":{"self":[{"href":"https:\/\/confrariadesantaluzia.pt\/es\/wp-json\/wp\/v2\/pages\/2538","targetHints":{"allow":["GET"]}}],"collection":[{"href":"https:\/\/confrariadesantaluzia.pt\/es\/wp-json\/wp\/v2\/pages"}],"about":[{"href":"https:\/\/confrariadesantaluzia.pt\/es\/wp-json\/wp\/v2\/types\/page"}],"author":[{"embeddable":true,"href":"https:\/\/confrariadesantaluzia.pt\/es\/wp-json\/wp\/v2\/users\/1"}],"replies":[{"embeddable":true,"href":"https:\/\/confrariadesantaluzia.pt\/es\/wp-json\/wp\/v2\/comments?post=2538"}],"version-history":[{"count":4,"href":"https:\/\/confrariadesantaluzia.pt\/es\/wp-json\/wp\/v2\/pages\/2538\/revisions"}],"predecessor-version":[{"id":3531,"href":"https:\/\/confrariadesantaluzia.pt\/es\/wp-json\/wp\/v2\/pages\/2538\/revisions\/3531"}],"wp:featuredmedia":[{"embeddable":true,"href":"https:\/\/confrariadesantaluzia.pt\/es\/wp-json\/wp\/v2\/media\/1935"}],"wp:attachment":[{"href":"https:\/\/confrariadesantaluzia.pt\/es\/wp-json\/wp\/v2\/media?parent=2538"}],"curies":[{"name":"wp","href":"https:\/\/api.w.org\/{rel}","templated":true}]}}