{"id":2524,"date":"2017-11-21T11:45:26","date_gmt":"2017-11-21T11:45:26","guid":{"rendered":"https:\/\/templosantaluzia.org\/servicos\/"},"modified":"2024-01-25T11:10:50","modified_gmt":"2024-01-25T10:10:50","slug":"servicos","status":"publish","type":"page","link":"https:\/\/confrariadesantaluzia.pt\/es\/servicos\/","title":{"rendered":"Servicios"},"content":{"rendered":"<p>En el Santu\u00e1rio do Sagrado Cora\u00e7\u00e3o de Jesus se celebra la misa dominical a las 11:00 y a las 16:00, y misa semanal, de martes a viernes, a las 16:00. A las 15:00 se realiza la Adoraci\u00f3n al Sant\u00edsimo Sacramento, seguida del rosario diario a las 15:30, con un capell\u00e1n disponible para atender confesiones de quien lo desee.<\/p>\n","protected":false},"excerpt":{"rendered":"<p>En el Santu\u00e1rio do Sagrado Cora\u00e7\u00e3o de Jesus se celebra la misa dominical a las 11:00 y a las 16:00, y misa semanal, de martes a viernes, a las 16:00. A las 15:00 se realiza la Adoraci\u00f3n al Sant\u00edsimo Sacramento, seguida del rosario diario a las 15:30, con un capell\u00e1n disponible para atender confesiones de quien lo desee.<\/p>\n","protected":false},"author":1,"featured_media":1882,"parent":0,"menu_order":0,"comment_status":"closed","ping_status":"closed","template":"template-servicos.php","meta":{"footnotes":""},"class_list":["post-2524","page","type-page","status-publish","has-post-thumbnail","hentry"],"_links":{"self":[{"href":"https:\/\/confrariadesantaluzia.pt\/es\/wp-json\/wp\/v2\/pages\/2524","targetHints":{"allow":["GET"]}}],"collection":[{"href":"https:\/\/confrariadesantaluzia.pt\/es\/wp-json\/wp\/v2\/pages"}],"about":[{"href":"https:\/\/confrariadesantaluzia.pt\/es\/wp-json\/wp\/v2\/types\/page"}],"author":[{"embeddable":true,"href":"https:\/\/confrariadesantaluzia.pt\/es\/wp-json\/wp\/v2\/users\/1"}],"replies":[{"embeddable":true,"href":"https:\/\/confrariadesantaluzia.pt\/es\/wp-json\/wp\/v2\/comments?post=2524"}],"version-history":[{"count":6,"href":"https:\/\/confrariadesantaluzia.pt\/es\/wp-json\/wp\/v2\/pages\/2524\/revisions"}],"predecessor-version":[{"id":3574,"href":"https:\/\/confrariadesantaluzia.pt\/es\/wp-json\/wp\/v2\/pages\/2524\/revisions\/3574"}],"wp:featuredmedia":[{"embeddable":true,"href":"https:\/\/confrariadesantaluzia.pt\/es\/wp-json\/wp\/v2\/media\/1882"}],"wp:attachment":[{"href":"https:\/\/confrariadesantaluzia.pt\/es\/wp-json\/wp\/v2\/media?parent=2524"}],"curies":[{"name":"wp","href":"https:\/\/api.w.org\/{rel}","templated":true}]}}