{"id":2518,"date":"2017-11-21T11:45:00","date_gmt":"2017-11-21T11:45:00","guid":{"rendered":"https:\/\/templosantaluzia.org\/peregrinacao-de-santa-luzia\/"},"modified":"2024-01-23T14:55:17","modified_gmt":"2024-01-23T13:55:17","slug":"peregrinacao-de-santa-luzia","status":"publish","type":"page","link":"https:\/\/confrariadesantaluzia.pt\/es\/templo\/peregrinacao-de-santa-luzia\/","title":{"rendered":"Peregrinaci\u00f3n Diocesana al Sagrado Coraz\u00f3n de Jes\u00fas"},"content":{"rendered":"<p>En 1918, la peste neum\u00f3nica asolaba toda la poblaci\u00f3n y en la ciudad de Viana do Castelo se realiz\u00f3 una procesi\u00f3n, el 10 de noviembre, donde se prometi\u00f3 subir al monte de Santa Luc\u00eda y hacer la consagraci\u00f3n a la imagen del Sagrado Coraz\u00f3n de Jes\u00fas all\u00ed presente, si la peste se deten\u00eda. Tal hecho se registr\u00f3 y, por eso, la promesa tuvo que ser cumplida. Impedidos de hacerlo en 1919 y 2020, solo en el a\u00f1o de 1921 la promesa fue cumplida y repetida todos los a\u00f1os.<\/p>\n<p>Actualmente, la peregrinaci\u00f3n, con Eucarist\u00eda, ocurre en el fin de semana despu\u00e9s de la semana en que se celebra el Cuerpo de Dios. A ella acuden todas las parroquias del arciprestazgo de Viana.<\/p>\n","protected":false},"excerpt":{"rendered":"<p>En 1918, la peste neum\u00f3nica asolaba toda la poblaci\u00f3n y en la ciudad de Viana do Castelo se realiz\u00f3 una procesi\u00f3n, el 10 de noviembre, donde se prometi\u00f3 subir al monte de Santa Luc\u00eda y hacer la consagraci\u00f3n a la imagen del Sagrado Coraz\u00f3n de Jes\u00fas all\u00ed presente, si la peste se deten\u00eda. Tal hecho se registr\u00f3 y, por eso, la promesa tuvo que ser cumplida. Impedidos de hacerlo en 1919 y 2020, solo en el a\u00f1o de 1921 la promesa fue cumplida y repetida todos los a\u00f1os. Actualmente, la peregrinaci\u00f3n, con Eucarist\u00eda, ocurre en el fin de semana despu\u00e9s [&hellip;]<\/p>\n","protected":false},"author":1,"featured_media":1915,"parent":2522,"menu_order":0,"comment_status":"closed","ping_status":"closed","template":"","meta":{"footnotes":""},"class_list":["post-2518","page","type-page","status-publish","has-post-thumbnail","hentry"],"_links":{"self":[{"href":"https:\/\/confrariadesantaluzia.pt\/es\/wp-json\/wp\/v2\/pages\/2518","targetHints":{"allow":["GET"]}}],"collection":[{"href":"https:\/\/confrariadesantaluzia.pt\/es\/wp-json\/wp\/v2\/pages"}],"about":[{"href":"https:\/\/confrariadesantaluzia.pt\/es\/wp-json\/wp\/v2\/types\/page"}],"author":[{"embeddable":true,"href":"https:\/\/confrariadesantaluzia.pt\/es\/wp-json\/wp\/v2\/users\/1"}],"replies":[{"embeddable":true,"href":"https:\/\/confrariadesantaluzia.pt\/es\/wp-json\/wp\/v2\/comments?post=2518"}],"version-history":[{"count":3,"href":"https:\/\/confrariadesantaluzia.pt\/es\/wp-json\/wp\/v2\/pages\/2518\/revisions"}],"predecessor-version":[{"id":3546,"href":"https:\/\/confrariadesantaluzia.pt\/es\/wp-json\/wp\/v2\/pages\/2518\/revisions\/3546"}],"up":[{"embeddable":true,"href":"https:\/\/confrariadesantaluzia.pt\/es\/wp-json\/wp\/v2\/pages\/2522"}],"wp:featuredmedia":[{"embeddable":true,"href":"https:\/\/confrariadesantaluzia.pt\/es\/wp-json\/wp\/v2\/media\/1915"}],"wp:attachment":[{"href":"https:\/\/confrariadesantaluzia.pt\/es\/wp-json\/wp\/v2\/media?parent=2518"}],"curies":[{"name":"wp","href":"https:\/\/api.w.org\/{rel}","templated":true}]}}