{"id":2537,"date":"2017-11-21T15:39:27","date_gmt":"2017-11-21T15:39:27","guid":{"rendered":"https:\/\/templosantaluzia.org\/arquivo\/"},"modified":"2024-01-24T12:04:31","modified_gmt":"2024-01-24T11:04:31","slug":"arquivo","status":"publish","type":"page","link":"https:\/\/confrariadesantaluzia.pt\/en\/arquivo\/","title":{"rendered":"Historical Archive"},"content":{"rendered":"<p>The Historical Archive of the Brotherhood of Santa Luzia, located in the &#8220;Edif\u00edcio das T\u00edlias&#8221; next to the Sanctuary, is a private archive of local scope. It permanently guards and preserves a documentary heritage that has been forming since 1884, the year the Brotherhood of Santa Luzia was founded.<\/p>\n<p>The collection documents, in a broad and meticulous manner, the circumstances that led to the establishment of the brotherhood, and also recounts its activity as the governing entity of the Santu\u00e1rio do Sagrado Cora\u00e7\u00e3o de Jesus.<\/p>\n<p>The work of the Brotherhood had a fundamental impact on the landscape configuration of the hill, and is also connected to the construction of the neighboring building, the Hotel de Santa Luzia, also designed by Architect Miguel Ventura Terra.<\/p>\n<p>As a testimony of the past, this documentary fund possesses undeniable historical and cultural value. The brotherhood allows the documents to be consulted, making it a precious source of information for researchers and scholars in various fields.&#8221;<\/p>\n","protected":false},"excerpt":{"rendered":"<p>The Historical Archive of the Brotherhood of Santa Luzia, located in the &#8220;Edif\u00edcio das T\u00edlias&#8221; next to the Sanctuary, is a private archive of local scope. It permanently guards and preserves a documentary heritage that has been forming since 1884, the year the Brotherhood of Santa Luzia was founded. The collection documents, in a broad and meticulous manner, the circumstances that led to the establishment of the brotherhood, and also recounts its activity as the governing entity of the Santu\u00e1rio do Sagrado Cora\u00e7\u00e3o de Jesus. The work of the Brotherhood had a fundamental impact on the landscape configuration of the [&hellip;]<\/p>\n","protected":false},"author":1,"featured_media":1934,"parent":0,"menu_order":0,"comment_status":"closed","ping_status":"closed","template":"template-arquivo.php","meta":{"footnotes":""},"class_list":["post-2537","page","type-page","status-publish","has-post-thumbnail","hentry"],"_links":{"self":[{"href":"https:\/\/confrariadesantaluzia.pt\/en\/wp-json\/wp\/v2\/pages\/2537","targetHints":{"allow":["GET"]}}],"collection":[{"href":"https:\/\/confrariadesantaluzia.pt\/en\/wp-json\/wp\/v2\/pages"}],"about":[{"href":"https:\/\/confrariadesantaluzia.pt\/en\/wp-json\/wp\/v2\/types\/page"}],"author":[{"embeddable":true,"href":"https:\/\/confrariadesantaluzia.pt\/en\/wp-json\/wp\/v2\/users\/1"}],"replies":[{"embeddable":true,"href":"https:\/\/confrariadesantaluzia.pt\/en\/wp-json\/wp\/v2\/comments?post=2537"}],"version-history":[{"count":4,"href":"https:\/\/confrariadesantaluzia.pt\/en\/wp-json\/wp\/v2\/pages\/2537\/revisions"}],"predecessor-version":[{"id":3526,"href":"https:\/\/confrariadesantaluzia.pt\/en\/wp-json\/wp\/v2\/pages\/2537\/revisions\/3526"}],"wp:featuredmedia":[{"embeddable":true,"href":"https:\/\/confrariadesantaluzia.pt\/en\/wp-json\/wp\/v2\/media\/1934"}],"wp:attachment":[{"href":"https:\/\/confrariadesantaluzia.pt\/en\/wp-json\/wp\/v2\/media?parent=2537"}],"curies":[{"name":"wp","href":"https:\/\/api.w.org\/{rel}","templated":true}]}}