{"id":1763,"date":"2018-01-31T15:54:07","date_gmt":"2018-01-31T15:54:07","guid":{"rendered":"https:\/\/templosantaluzia.org\/albergue\/"},"modified":"2025-05-13T16:08:50","modified_gmt":"2025-05-13T15:08:50","slug":"albergue","status":"publish","type":"page","link":"https:\/\/confrariadesantaluzia.pt\/en\/albergue\/","title":{"rendered":"Hostel | Albergue"},"content":{"rendered":"<p>The Hostel de Santa Luzia is located in the emblematic Monte de Santa Luzia in Viana do Castelo, next to the Santu\u00e1rio do Sagrado Cora\u00e7\u00e3o de Jesus.<\/p>\n<p>The accommodation consists of 5 dormitories (each with 4 bunk beds), 1 double bedroom, laundry room, 2 changing rooms (male and female) and a shared kitchen.<\/p>\n<p>Rooms at the Albergue are soundproofed, have a wardrobe\/closet and feature a balcony overlooking the garden. There is free Wi-Fi throughout the entire building area.<\/p>\n<p>Check-in can be done from 2:00 PM to 9:00 PM.<\/p>\n<p>Breakfast, the municipal tax, as well as bed linen and towels, are included in the price.<\/p>\n<p>Make your reservation <a href=\"https:\/\/web.ynnovbooking.com\/?l=pt&amp;apikey=0MrwOv4MnEz8KBt8BIrXMpBAREd9YFdu\">here<\/a>.<\/p>\n<p><a class=\"btn-reservar\" href=\"https:\/\/web.ynnovbooking.com\/?l=pt&amp;apikey=0MrwOv4MnEz8KBt8BIrXMpBAREd9YFdu\">BOOK<\/a><\/p>\n","protected":false},"excerpt":{"rendered":"<p>The Hostel de Santa Luzia is located in the emblematic Monte de Santa Luzia in Viana do Castelo, next to the Santu\u00e1rio do Sagrado Cora\u00e7\u00e3o de Jesus. The accommodation consists of 5 dormitories (each with 4 bunk beds), 1 double bedroom, laundry room, 2 changing rooms (male and female) and a shared kitchen. Rooms at the Albergue are soundproofed, have a wardrobe\/closet and feature a balcony overlooking the garden. There is free Wi-Fi throughout the entire building area. Check-in can be done from 2:00 PM to 9:00 PM. Breakfast, the municipal tax, as well as bed linen and towels, are [&hellip;]<\/p>\n","protected":false},"author":1,"featured_media":3776,"parent":0,"menu_order":0,"comment_status":"closed","ping_status":"closed","template":"page-albergue.php","meta":{"footnotes":""},"class_list":["post-1763","page","type-page","status-publish","has-post-thumbnail","hentry"],"_links":{"self":[{"href":"https:\/\/confrariadesantaluzia.pt\/en\/wp-json\/wp\/v2\/pages\/1763","targetHints":{"allow":["GET"]}}],"collection":[{"href":"https:\/\/confrariadesantaluzia.pt\/en\/wp-json\/wp\/v2\/pages"}],"about":[{"href":"https:\/\/confrariadesantaluzia.pt\/en\/wp-json\/wp\/v2\/types\/page"}],"author":[{"embeddable":true,"href":"https:\/\/confrariadesantaluzia.pt\/en\/wp-json\/wp\/v2\/users\/1"}],"replies":[{"embeddable":true,"href":"https:\/\/confrariadesantaluzia.pt\/en\/wp-json\/wp\/v2\/comments?post=1763"}],"version-history":[{"count":13,"href":"https:\/\/confrariadesantaluzia.pt\/en\/wp-json\/wp\/v2\/pages\/1763\/revisions"}],"predecessor-version":[{"id":3785,"href":"https:\/\/confrariadesantaluzia.pt\/en\/wp-json\/wp\/v2\/pages\/1763\/revisions\/3785"}],"wp:featuredmedia":[{"embeddable":true,"href":"https:\/\/confrariadesantaluzia.pt\/en\/wp-json\/wp\/v2\/media\/3776"}],"wp:attachment":[{"href":"https:\/\/confrariadesantaluzia.pt\/en\/wp-json\/wp\/v2\/media?parent=1763"}],"curies":[{"name":"wp","href":"https:\/\/api.w.org\/{rel}","templated":true}]}}